{"id":160,"date":"2020-10-28T19:09:55","date_gmt":"2020-10-28T18:09:55","guid":{"rendered":"http:\/\/comparateuragencesimmobilieres.com\/?page_id=160"},"modified":"2020-10-28T19:09:56","modified_gmt":"2020-10-28T18:09:56","slug":"repertoire-dagences-immobilieres","status":"publish","type":"page","link":"https:\/\/comparateuragencesimmobilieres.com\/index.php\/repertoire-dagences-immobilieres\/","title":{"rendered":"R\u00e9pertoire d&#8217;agences immobili\u00e8res"},"content":{"rendered":"","protected":false},"excerpt":{"rendered":"","protected":false},"author":1,"featured_media":0,"parent":0,"menu_order":0,"comment_status":"closed","ping_status":"closed","template":"elementor_canvas","meta":[],"yoast_head":"<!-- This site is optimized with the Yoast SEO plugin v15.2 - https:\/\/yoast.com\/wordpress\/plugins\/seo\/ -->\n<title>R\u00e9pertoire d&#039;agences immobili\u00e8res - Comparateur Agences Immobili\u00e8res<\/title>\n<meta name=\"robots\" content=\"index, follow, max-snippet:-1, max-image-preview:large, max-video-preview:-1\" \/>\n<link rel=\"canonical\" href=\"https:\/\/comparateuragencesimmobilieres.com\/index.php\/repertoire-dagences-immobilieres\/\" \/>\n<meta property=\"og:locale\" content=\"en_US\" \/>\n<meta property=\"og:type\" content=\"article\" \/>\n<meta property=\"og:title\" content=\"R\u00e9pertoire d&#039;agences immobili\u00e8res - Comparateur Agences Immobili\u00e8res\" \/>\n<meta property=\"og:url\" content=\"https:\/\/comparateuragencesimmobilieres.com\/index.php\/repertoire-dagences-immobilieres\/\" \/>\n<meta property=\"og:site_name\" content=\"Comparateur Agences Immobili\u00e8res\" \/>\n<meta property=\"article:modified_time\" content=\"2020-10-28T18:09:56+00:00\" \/>\n<meta name=\"twitter:card\" content=\"summary_large_image\" \/>\n<meta name=\"twitter:label1\" value=\"Written by\">\n\t<meta name=\"twitter:data1\" value=\"admin6984\">\n<script type=\"application\/ld+json\" class=\"yoast-schema-graph\">{\"@context\":\"https:\/\/schema.org\",\"@graph\":[{\"@type\":\"WebSite\",\"@id\":\"https:\/\/comparateuragencesimmobilieres.com\/#website\",\"url\":\"https:\/\/comparateuragencesimmobilieres.com\/\",\"name\":\"Comparateur Agences Immobili\\u00e8res\",\"description\":\"\",\"potentialAction\":[{\"@type\":\"SearchAction\",\"target\":\"https:\/\/comparateuragencesimmobilieres.com\/?s={search_term_string}\",\"query-input\":\"required name=search_term_string\"}],\"inLanguage\":\"en-US\"},{\"@type\":\"WebPage\",\"@id\":\"https:\/\/comparateuragencesimmobilieres.com\/index.php\/repertoire-dagences-immobilieres\/#webpage\",\"url\":\"https:\/\/comparateuragencesimmobilieres.com\/index.php\/repertoire-dagences-immobilieres\/\",\"name\":\"R\\u00e9pertoire d'agences immobili\\u00e8res - Comparateur Agences Immobili\\u00e8res\",\"isPartOf\":{\"@id\":\"https:\/\/comparateuragencesimmobilieres.com\/#website\"},\"datePublished\":\"2020-10-28T18:09:55+00:00\",\"dateModified\":\"2020-10-28T18:09:56+00:00\",\"inLanguage\":\"en-US\",\"potentialAction\":[{\"@type\":\"ReadAction\",\"target\":[\"https:\/\/comparateuragencesimmobilieres.com\/index.php\/repertoire-dagences-immobilieres\/\"]}]}]}<\/script>\n<!-- \/ Yoast SEO plugin. -->","_links":{"self":[{"href":"https:\/\/comparateuragencesimmobilieres.com\/index.php\/wp-json\/wp\/v2\/pages\/160"}],"collection":[{"href":"https:\/\/comparateuragencesimmobilieres.com\/index.php\/wp-json\/wp\/v2\/pages"}],"about":[{"href":"https:\/\/comparateuragencesimmobilieres.com\/index.php\/wp-json\/wp\/v2\/types\/page"}],"author":[{"embeddable":true,"href":"https:\/\/comparateuragencesimmobilieres.com\/index.php\/wp-json\/wp\/v2\/users\/1"}],"replies":[{"embeddable":true,"href":"https:\/\/comparateuragencesimmobilieres.com\/index.php\/wp-json\/wp\/v2\/comments?post=160"}],"version-history":[{"count":1,"href":"https:\/\/comparateuragencesimmobilieres.com\/index.php\/wp-json\/wp\/v2\/pages\/160\/revisions"}],"predecessor-version":[{"id":161,"href":"https:\/\/comparateuragencesimmobilieres.com\/index.php\/wp-json\/wp\/v2\/pages\/160\/revisions\/161"}],"wp:attachment":[{"href":"https:\/\/comparateuragencesimmobilieres.com\/index.php\/wp-json\/wp\/v2\/media?parent=160"}],"curies":[{"name":"wp","href":"https:\/\/api.w.org\/{rel}","templated":true}]}}